{"id":176,"date":"2022-11-28T02:23:02","date_gmt":"2022-11-28T02:23:02","guid":{"rendered":"https:\/\/kazooic.com\/?page_id=176"},"modified":"2022-11-28T02:28:13","modified_gmt":"2022-11-28T02:28:13","slug":"serbian-football-team-2022","status":"publish","type":"page","link":"https:\/\/kazooic.com\/index.php\/serbian-football-team-2022\/","title":{"rendered":"Serbian Football Team 2022"},"content":{"rendered":"\n<figure class=\"wp-block-image size-large\"><img loading=\"lazy\" decoding=\"async\" width=\"1024\" height=\"610\" src=\"https:\/\/kazooic.com\/wp-content\/uploads\/2022\/11\/IMG_20221127_211112-1024x610.jpg\" alt=\"\" class=\"wp-image-149\" srcset=\"https:\/\/kazooic.com\/wp-content\/uploads\/2022\/11\/IMG_20221127_211112-1024x610.jpg 1024w, https:\/\/kazooic.com\/wp-content\/uploads\/2022\/11\/IMG_20221127_211112-300x179.jpg 300w, https:\/\/kazooic.com\/wp-content\/uploads\/2022\/11\/IMG_20221127_211112-768x457.jpg 768w\" sizes=\"auto, (max-width: 1024px) 100vw, 1024px\" \/><figcaption class=\"wp-element-caption\">Dragan Stojkovi\u0107 <\/figcaption><\/figure>\n\n\n\n<figure class=\"wp-block-image\"><img loading=\"lazy\" decoding=\"async\" width=\"1024\" height=\"610\" src=\"https:\/\/kazooic.com\/wp-content\/uploads\/2022\/11\/IMG_20221127_211013-1024x610.jpg\" alt=\"\" class=\"wp-image-153\" srcset=\"https:\/\/kazooic.com\/wp-content\/uploads\/2022\/11\/IMG_20221127_211013-1024x610.jpg 1024w, https:\/\/kazooic.com\/wp-content\/uploads\/2022\/11\/IMG_20221127_211013-300x179.jpg 300w, https:\/\/kazooic.com\/wp-content\/uploads\/2022\/11\/IMG_20221127_211013-768x457.jpg 768w\" sizes=\"auto, (max-width: 1024px) 100vw, 1024px\" \/><figcaption class=\"wp-element-caption\">Predrag Rajkovi\u0107 <\/figcaption><\/figure>\n\n\n\n<figure class=\"wp-block-image\"><img loading=\"lazy\" decoding=\"async\" width=\"1024\" height=\"591\" src=\"https:\/\/kazooic.com\/wp-content\/uploads\/2022\/11\/IMG_20221127_210931-1024x591.jpg\" alt=\"\" class=\"wp-image-150\" srcset=\"https:\/\/kazooic.com\/wp-content\/uploads\/2022\/11\/IMG_20221127_210931-1024x591.jpg 1024w, https:\/\/kazooic.com\/wp-content\/uploads\/2022\/11\/IMG_20221127_210931-300x173.jpg 300w, https:\/\/kazooic.com\/wp-content\/uploads\/2022\/11\/IMG_20221127_210931-768x443.jpg 768w\" sizes=\"auto, (max-width: 1024px) 100vw, 1024px\" \/><figcaption class=\"wp-element-caption\">Marko Dmitrovi\u0107<\/figcaption><\/figure>\n\n\n\n<figure class=\"wp-block-image\"><img loading=\"lazy\" decoding=\"async\" width=\"1024\" height=\"594\" src=\"https:\/\/kazooic.com\/wp-content\/uploads\/2022\/11\/IMG_20221127_210843-1024x594.jpg\" alt=\"\" class=\"wp-image-152\" srcset=\"https:\/\/kazooic.com\/wp-content\/uploads\/2022\/11\/IMG_20221127_210843-1024x594.jpg 1024w, https:\/\/kazooic.com\/wp-content\/uploads\/2022\/11\/IMG_20221127_210843-300x174.jpg 300w, https:\/\/kazooic.com\/wp-content\/uploads\/2022\/11\/IMG_20221127_210843-768x445.jpg 768w\" sizes=\"auto, (max-width: 1024px) 100vw, 1024px\" \/><figcaption class=\"wp-element-caption\">Vanja Milinkovi\u0107 Savi\u0107<\/figcaption><\/figure>\n\n\n\n<figure class=\"wp-block-image\"><img loading=\"lazy\" decoding=\"async\" width=\"1024\" height=\"589\" src=\"https:\/\/kazooic.com\/wp-content\/uploads\/2022\/11\/IMG_20221127_210802-1024x589.jpg\" alt=\"\" class=\"wp-image-151\" srcset=\"https:\/\/kazooic.com\/wp-content\/uploads\/2022\/11\/IMG_20221127_210802-1024x589.jpg 1024w, https:\/\/kazooic.com\/wp-content\/uploads\/2022\/11\/IMG_20221127_210802-300x173.jpg 300w, https:\/\/kazooic.com\/wp-content\/uploads\/2022\/11\/IMG_20221127_210802-768x442.jpg 768w\" sizes=\"auto, (max-width: 1024px) 100vw, 1024px\" \/><figcaption class=\"wp-element-caption\">Strahinja Pavlovi\u0107<\/figcaption><\/figure>\n\n\n\n<figure class=\"wp-block-image\"><img loading=\"lazy\" decoding=\"async\" width=\"1024\" height=\"582\" src=\"https:\/\/kazooic.com\/wp-content\/uploads\/2022\/11\/IMG_20221127_210723-1024x582.jpg\" alt=\"\" class=\"wp-image-155\" srcset=\"https:\/\/kazooic.com\/wp-content\/uploads\/2022\/11\/IMG_20221127_210723-1024x582.jpg 1024w, https:\/\/kazooic.com\/wp-content\/uploads\/2022\/11\/IMG_20221127_210723-300x170.jpg 300w, https:\/\/kazooic.com\/wp-content\/uploads\/2022\/11\/IMG_20221127_210723-768x436.jpg 768w\" sizes=\"auto, (max-width: 1024px) 100vw, 1024px\" \/><figcaption class=\"wp-element-caption\">Nikola Milenkovi\u0107<\/figcaption><\/figure>\n\n\n\n<figure class=\"wp-block-image\"><img loading=\"lazy\" decoding=\"async\" width=\"1024\" height=\"604\" src=\"https:\/\/kazooic.com\/wp-content\/uploads\/2022\/11\/IMG_20221127_210629-1024x604.jpg\" alt=\"\" class=\"wp-image-154\" srcset=\"https:\/\/kazooic.com\/wp-content\/uploads\/2022\/11\/IMG_20221127_210629-1024x604.jpg 1024w, https:\/\/kazooic.com\/wp-content\/uploads\/2022\/11\/IMG_20221127_210629-300x177.jpg 300w, https:\/\/kazooic.com\/wp-content\/uploads\/2022\/11\/IMG_20221127_210629-768x453.jpg 768w\" sizes=\"auto, (max-width: 1024px) 100vw, 1024px\" \/><figcaption class=\"wp-element-caption\">Milo\u0161 Veljkovi\u0107<\/figcaption><\/figure>\n\n\n\n<figure class=\"wp-block-image\"><img loading=\"lazy\" decoding=\"async\" width=\"1024\" height=\"588\" src=\"https:\/\/kazooic.com\/wp-content\/uploads\/2022\/11\/IMG_20221127_210539-1024x588.jpg\" alt=\"\" class=\"wp-image-157\" srcset=\"https:\/\/kazooic.com\/wp-content\/uploads\/2022\/11\/IMG_20221127_210539-1024x588.jpg 1024w, https:\/\/kazooic.com\/wp-content\/uploads\/2022\/11\/IMG_20221127_210539-300x172.jpg 300w, https:\/\/kazooic.com\/wp-content\/uploads\/2022\/11\/IMG_20221127_210539-768x441.jpg 768w\" sizes=\"auto, (max-width: 1024px) 100vw, 1024px\" \/><figcaption class=\"wp-element-caption\">Strahinja Erakovi\u0107<\/figcaption><\/figure>\n\n\n\n<figure class=\"wp-block-image\"><img loading=\"lazy\" decoding=\"async\" width=\"1024\" height=\"590\" src=\"https:\/\/kazooic.com\/wp-content\/uploads\/2022\/11\/IMG_20221127_210507-1024x590.jpg\" alt=\"\" class=\"wp-image-156\" srcset=\"https:\/\/kazooic.com\/wp-content\/uploads\/2022\/11\/IMG_20221127_210507-1024x590.jpg 1024w, https:\/\/kazooic.com\/wp-content\/uploads\/2022\/11\/IMG_20221127_210507-300x173.jpg 300w, https:\/\/kazooic.com\/wp-content\/uploads\/2022\/11\/IMG_20221127_210507-768x442.jpg 768w\" sizes=\"auto, (max-width: 1024px) 100vw, 1024px\" \/><figcaption class=\"wp-element-caption\">Sr\u0111an Babi\u0107<\/figcaption><\/figure>\n\n\n\n<figure class=\"wp-block-image\"><img loading=\"lazy\" decoding=\"async\" width=\"1024\" height=\"608\" src=\"https:\/\/kazooic.com\/wp-content\/uploads\/2022\/11\/IMG_20221127_210428-1024x608.jpg\" alt=\"\" class=\"wp-image-161\" srcset=\"https:\/\/kazooic.com\/wp-content\/uploads\/2022\/11\/IMG_20221127_210428-1024x608.jpg 1024w, https:\/\/kazooic.com\/wp-content\/uploads\/2022\/11\/IMG_20221127_210428-300x178.jpg 300w, https:\/\/kazooic.com\/wp-content\/uploads\/2022\/11\/IMG_20221127_210428-768x456.jpg 768w\" sizes=\"auto, (max-width: 1024px) 100vw, 1024px\" \/><figcaption class=\"wp-element-caption\">Stefan Mitrovi\u0107 <\/figcaption><\/figure>\n\n\n\n<figure class=\"wp-block-image\"><img loading=\"lazy\" decoding=\"async\" width=\"1024\" height=\"583\" src=\"https:\/\/kazooic.com\/wp-content\/uploads\/2022\/11\/IMG_20221127_210355-1024x583.jpg\" alt=\"\" class=\"wp-image-158\" srcset=\"https:\/\/kazooic.com\/wp-content\/uploads\/2022\/11\/IMG_20221127_210355-1024x583.jpg 1024w, https:\/\/kazooic.com\/wp-content\/uploads\/2022\/11\/IMG_20221127_210355-300x171.jpg 300w, https:\/\/kazooic.com\/wp-content\/uploads\/2022\/11\/IMG_20221127_210355-768x437.jpg 768w\" sizes=\"auto, (max-width: 1024px) 100vw, 1024px\" \/><figcaption class=\"wp-element-caption\">Nemanja Maksimovi\u0107 <\/figcaption><\/figure>\n\n\n\n<figure class=\"wp-block-image\"><img loading=\"lazy\" decoding=\"async\" width=\"1024\" height=\"621\" src=\"https:\/\/kazooic.com\/wp-content\/uploads\/2022\/11\/IMG_20221127_210240-1024x621.jpg\" alt=\"\" class=\"wp-image-159\" srcset=\"https:\/\/kazooic.com\/wp-content\/uploads\/2022\/11\/IMG_20221127_210240-1024x621.jpg 1024w, https:\/\/kazooic.com\/wp-content\/uploads\/2022\/11\/IMG_20221127_210240-300x182.jpg 300w, https:\/\/kazooic.com\/wp-content\/uploads\/2022\/11\/IMG_20221127_210240-768x466.jpg 768w\" sizes=\"auto, (max-width: 1024px) 100vw, 1024px\" \/><figcaption class=\"wp-element-caption\">\u0110arko Gruji\u0107<\/figcaption><\/figure>\n\n\n\n<figure class=\"wp-block-image\"><img loading=\"lazy\" decoding=\"async\" width=\"1024\" height=\"576\" src=\"https:\/\/kazooic.com\/wp-content\/uploads\/2022\/11\/IMG_20221127_210207-1024x576.jpg\" alt=\"\" class=\"wp-image-160\" srcset=\"https:\/\/kazooic.com\/wp-content\/uploads\/2022\/11\/IMG_20221127_210207-1024x576.jpg 1024w, https:\/\/kazooic.com\/wp-content\/uploads\/2022\/11\/IMG_20221127_210207-300x169.jpg 300w, https:\/\/kazooic.com\/wp-content\/uploads\/2022\/11\/IMG_20221127_210207-768x432.jpg 768w\" sizes=\"auto, (max-width: 1024px) 100vw, 1024px\" \/><figcaption class=\"wp-element-caption\">Uro\u0161 Ra\u010di\u0107<\/figcaption><\/figure>\n\n\n\n<figure class=\"wp-block-image\"><img loading=\"lazy\" decoding=\"async\" width=\"1024\" height=\"571\" src=\"https:\/\/kazooic.com\/wp-content\/uploads\/2022\/11\/IMG_20221127_210129-1024x571.jpg\" alt=\"\" class=\"wp-image-164\" srcset=\"https:\/\/kazooic.com\/wp-content\/uploads\/2022\/11\/IMG_20221127_210129-1024x571.jpg 1024w, https:\/\/kazooic.com\/wp-content\/uploads\/2022\/11\/IMG_20221127_210129-300x167.jpg 300w, https:\/\/kazooic.com\/wp-content\/uploads\/2022\/11\/IMG_20221127_210129-768x428.jpg 768w\" sizes=\"auto, (max-width: 1024px) 100vw, 1024px\" \/><figcaption class=\"wp-element-caption\">Nemanja Gudelj<\/figcaption><\/figure>\n\n\n\n<figure class=\"wp-block-image\"><img loading=\"lazy\" decoding=\"async\" width=\"1024\" height=\"590\" src=\"https:\/\/kazooic.com\/wp-content\/uploads\/2022\/11\/IMG_20221127_210051-1024x590.jpg\" alt=\"\" class=\"wp-image-163\" srcset=\"https:\/\/kazooic.com\/wp-content\/uploads\/2022\/11\/IMG_20221127_210051-1024x590.jpg 1024w, https:\/\/kazooic.com\/wp-content\/uploads\/2022\/11\/IMG_20221127_210051-300x173.jpg 300w, https:\/\/kazooic.com\/wp-content\/uploads\/2022\/11\/IMG_20221127_210051-768x442.jpg 768w\" sizes=\"auto, (max-width: 1024px) 100vw, 1024px\" \/><figcaption class=\"wp-element-caption\">Sergej Milinkovi\u0107<\/figcaption><\/figure>\n\n\n\n<figure class=\"wp-block-image\"><img loading=\"lazy\" decoding=\"async\" width=\"1024\" height=\"607\" src=\"https:\/\/kazooic.com\/wp-content\/uploads\/2022\/11\/IMG_20221127_210004-1024x607.jpg\" alt=\"\" class=\"wp-image-162\" srcset=\"https:\/\/kazooic.com\/wp-content\/uploads\/2022\/11\/IMG_20221127_210004-1024x607.jpg 1024w, https:\/\/kazooic.com\/wp-content\/uploads\/2022\/11\/IMG_20221127_210004-300x178.jpg 300w, https:\/\/kazooic.com\/wp-content\/uploads\/2022\/11\/IMG_20221127_210004-768x455.jpg 768w\" sizes=\"auto, (max-width: 1024px) 100vw, 1024px\" \/><figcaption class=\"wp-element-caption\">Sa\u0161a Luki\u0107<\/figcaption><\/figure>\n\n\n\n<figure class=\"wp-block-image\"><img loading=\"lazy\" decoding=\"async\" width=\"1024\" height=\"624\" src=\"https:\/\/kazooic.com\/wp-content\/uploads\/2022\/11\/IMG_20221127_205908-1024x624.jpg\" alt=\"\" class=\"wp-image-165\" srcset=\"https:\/\/kazooic.com\/wp-content\/uploads\/2022\/11\/IMG_20221127_205908-1024x624.jpg 1024w, https:\/\/kazooic.com\/wp-content\/uploads\/2022\/11\/IMG_20221127_205908-300x183.jpg 300w, https:\/\/kazooic.com\/wp-content\/uploads\/2022\/11\/IMG_20221127_205908-768x468.jpg 768w\" sizes=\"auto, (max-width: 1024px) 100vw, 1024px\" \/><figcaption class=\"wp-element-caption\">Ivan Ili\u0107<\/figcaption><\/figure>\n\n\n\n<figure class=\"wp-block-image\"><img loading=\"lazy\" decoding=\"async\" width=\"1024\" height=\"615\" src=\"https:\/\/kazooic.com\/wp-content\/uploads\/2022\/11\/IMG_20221127_205830-1024x615.jpg\" alt=\"\" class=\"wp-image-166\" srcset=\"https:\/\/kazooic.com\/wp-content\/uploads\/2022\/11\/IMG_20221127_205830-1024x615.jpg 1024w, https:\/\/kazooic.com\/wp-content\/uploads\/2022\/11\/IMG_20221127_205830-300x180.jpg 300w, https:\/\/kazooic.com\/wp-content\/uploads\/2022\/11\/IMG_20221127_205830-768x461.jpg 768w\" sizes=\"auto, (max-width: 1024px) 100vw, 1024px\" \/><figcaption class=\"wp-element-caption\">Filip Kosti\u0107<\/figcaption><\/figure>\n\n\n\n<figure class=\"wp-block-image\"><img loading=\"lazy\" decoding=\"async\" width=\"1024\" height=\"606\" src=\"https:\/\/kazooic.com\/wp-content\/uploads\/2022\/11\/IMG_20221127_205756-1024x606.jpg\" alt=\"\" class=\"wp-image-167\" srcset=\"https:\/\/kazooic.com\/wp-content\/uploads\/2022\/11\/IMG_20221127_205756-1024x606.jpg 1024w, https:\/\/kazooic.com\/wp-content\/uploads\/2022\/11\/IMG_20221127_205756-300x177.jpg 300w, https:\/\/kazooic.com\/wp-content\/uploads\/2022\/11\/IMG_20221127_205756-768x454.jpg 768w\" sizes=\"auto, (max-width: 1024px) 100vw, 1024px\" \/><figcaption class=\"wp-element-caption\">Darko Lazovi\u0107<\/figcaption><\/figure>\n\n\n\n<figure class=\"wp-block-image\"><img loading=\"lazy\" decoding=\"async\" width=\"1024\" height=\"572\" src=\"https:\/\/kazooic.com\/wp-content\/uploads\/2022\/11\/IMG_20221127_205705-1024x572.jpg\" alt=\"\" class=\"wp-image-168\" srcset=\"https:\/\/kazooic.com\/wp-content\/uploads\/2022\/11\/IMG_20221127_205705-1024x572.jpg 1024w, https:\/\/kazooic.com\/wp-content\/uploads\/2022\/11\/IMG_20221127_205705-300x168.jpg 300w, https:\/\/kazooic.com\/wp-content\/uploads\/2022\/11\/IMG_20221127_205705-768x429.jpg 768w\" sizes=\"auto, (max-width: 1024px) 100vw, 1024px\" \/><figcaption class=\"wp-element-caption\">Filip Mladenovi\u0107<\/figcaption><\/figure>\n\n\n\n<figure class=\"wp-block-image\"><img loading=\"lazy\" decoding=\"async\" width=\"1024\" height=\"536\" src=\"https:\/\/kazooic.com\/wp-content\/uploads\/2022\/11\/IMG_20221127_205630-1024x536.jpg\" alt=\"\" class=\"wp-image-170\" srcset=\"https:\/\/kazooic.com\/wp-content\/uploads\/2022\/11\/IMG_20221127_205630-1024x536.jpg 1024w, https:\/\/kazooic.com\/wp-content\/uploads\/2022\/11\/IMG_20221127_205630-300x157.jpg 300w, https:\/\/kazooic.com\/wp-content\/uploads\/2022\/11\/IMG_20221127_205630-768x402.jpg 768w\" sizes=\"auto, (max-width: 1024px) 100vw, 1024px\" \/><figcaption class=\"wp-element-caption\">Filip \u0110uri\u010di\u0107<\/figcaption><\/figure>\n\n\n\n<figure class=\"wp-block-image\"><img loading=\"lazy\" decoding=\"async\" width=\"1024\" height=\"604\" src=\"https:\/\/kazooic.com\/wp-content\/uploads\/2022\/11\/IMG_20221127_205548-1024x604.jpg\" alt=\"\" class=\"wp-image-169\" srcset=\"https:\/\/kazooic.com\/wp-content\/uploads\/2022\/11\/IMG_20221127_205548-1024x604.jpg 1024w, https:\/\/kazooic.com\/wp-content\/uploads\/2022\/11\/IMG_20221127_205548-300x177.jpg 300w, https:\/\/kazooic.com\/wp-content\/uploads\/2022\/11\/IMG_20221127_205548-768x453.jpg 768w\" sizes=\"auto, (max-width: 1024px) 100vw, 1024px\" \/><figcaption class=\"wp-element-caption\">Du\u0161an Tadi\u0107<\/figcaption><\/figure>\n\n\n\n<figure class=\"wp-block-image\"><img loading=\"lazy\" decoding=\"async\" width=\"1024\" height=\"581\" src=\"https:\/\/kazooic.com\/wp-content\/uploads\/2022\/11\/IMG_20221127_205519-1024x581.jpg\" alt=\"\" class=\"wp-image-175\" srcset=\"https:\/\/kazooic.com\/wp-content\/uploads\/2022\/11\/IMG_20221127_205519-1024x581.jpg 1024w, https:\/\/kazooic.com\/wp-content\/uploads\/2022\/11\/IMG_20221127_205519-300x170.jpg 300w, https:\/\/kazooic.com\/wp-content\/uploads\/2022\/11\/IMG_20221127_205519-768x436.jpg 768w\" sizes=\"auto, (max-width: 1024px) 100vw, 1024px\" \/><figcaption class=\"wp-element-caption\">Nemanja Radonji\u0107<\/figcaption><\/figure>\n\n\n\n<figure class=\"wp-block-image\"><img loading=\"lazy\" decoding=\"async\" width=\"1024\" height=\"578\" src=\"https:\/\/kazooic.com\/wp-content\/uploads\/2022\/11\/IMG_20221127_205435-1024x578.jpg\" alt=\"\" class=\"wp-image-171\" srcset=\"https:\/\/kazooic.com\/wp-content\/uploads\/2022\/11\/IMG_20221127_205435-1024x578.jpg 1024w, https:\/\/kazooic.com\/wp-content\/uploads\/2022\/11\/IMG_20221127_205435-300x169.jpg 300w, https:\/\/kazooic.com\/wp-content\/uploads\/2022\/11\/IMG_20221127_205435-768x433.jpg 768w\" sizes=\"auto, (max-width: 1024px) 100vw, 1024px\" \/><figcaption class=\"wp-element-caption\">Andrija \u017divkovi\u0107<\/figcaption><\/figure>\n\n\n\n<figure class=\"wp-block-image\"><img loading=\"lazy\" decoding=\"async\" width=\"1024\" height=\"591\" src=\"https:\/\/kazooic.com\/wp-content\/uploads\/2022\/11\/IMG_20221127_205356-1024x591.jpg\" alt=\"\" class=\"wp-image-174\" srcset=\"https:\/\/kazooic.com\/wp-content\/uploads\/2022\/11\/IMG_20221127_205356-1024x591.jpg 1024w, https:\/\/kazooic.com\/wp-content\/uploads\/2022\/11\/IMG_20221127_205356-300x173.jpg 300w, https:\/\/kazooic.com\/wp-content\/uploads\/2022\/11\/IMG_20221127_205356-768x443.jpg 768w\" sizes=\"auto, (max-width: 1024px) 100vw, 1024px\" \/><figcaption class=\"wp-element-caption\">Du\u0161an Vlahovi\u0107<\/figcaption><\/figure>\n\n\n\n<figure class=\"wp-block-image\"><img loading=\"lazy\" decoding=\"async\" width=\"1024\" height=\"583\" src=\"https:\/\/kazooic.com\/wp-content\/uploads\/2022\/11\/IMG_20221127_205307-1024x583.jpg\" alt=\"\" class=\"wp-image-172\" srcset=\"https:\/\/kazooic.com\/wp-content\/uploads\/2022\/11\/IMG_20221127_205307-1024x583.jpg 1024w, https:\/\/kazooic.com\/wp-content\/uploads\/2022\/11\/IMG_20221127_205307-300x171.jpg 300w, https:\/\/kazooic.com\/wp-content\/uploads\/2022\/11\/IMG_20221127_205307-768x438.jpg 768w\" sizes=\"auto, (max-width: 1024px) 100vw, 1024px\" \/><figcaption class=\"wp-element-caption\">Aleksandar Mitrovi\u0107<\/figcaption><\/figure>\n\n\n\n<figure class=\"wp-block-image\"><img decoding=\"async\" src=\"file:\/\/\/storage\/emulated\/0\/DCIM\/Camera\/IMG_20221127_205232.jpg\" alt=\"\" class=\"wp-image-27\"\/><figcaption class=\"wp-element-caption\">Luka Jovi\u0107<\/figcaption><\/figure>\n","protected":false},"excerpt":{"rendered":"","protected":false},"author":1,"featured_media":178,"parent":0,"menu_order":0,"comment_status":"open","ping_status":"closed","template":"","meta":{"footnotes":""},"class_list":["post-176","page","type-page","status-publish","has-post-thumbnail","hentry"],"_links":{"self":[{"href":"https:\/\/kazooic.com\/index.php\/wp-json\/wp\/v2\/pages\/176","targetHints":{"allow":["GET"]}}],"collection":[{"href":"https:\/\/kazooic.com\/index.php\/wp-json\/wp\/v2\/pages"}],"about":[{"href":"https:\/\/kazooic.com\/index.php\/wp-json\/wp\/v2\/types\/page"}],"author":[{"embeddable":true,"href":"https:\/\/kazooic.com\/index.php\/wp-json\/wp\/v2\/users\/1"}],"replies":[{"embeddable":true,"href":"https:\/\/kazooic.com\/index.php\/wp-json\/wp\/v2\/comments?post=176"}],"version-history":[{"count":1,"href":"https:\/\/kazooic.com\/index.php\/wp-json\/wp\/v2\/pages\/176\/revisions"}],"predecessor-version":[{"id":177,"href":"https:\/\/kazooic.com\/index.php\/wp-json\/wp\/v2\/pages\/176\/revisions\/177"}],"wp:featuredmedia":[{"embeddable":true,"href":"https:\/\/kazooic.com\/index.php\/wp-json\/wp\/v2\/media\/178"}],"wp:attachment":[{"href":"https:\/\/kazooic.com\/index.php\/wp-json\/wp\/v2\/media?parent=176"}],"curies":[{"name":"wp","href":"https:\/\/api.w.org\/{rel}","templated":true}]}}